{"id":9175,"date":"2021-01-09T12:49:34","date_gmt":"2021-01-09T18:49:34","guid":{"rendered":"https:\/\/teico.com\/contactanos\/"},"modified":"2025-05-21T08:20:49","modified_gmt":"2025-05-21T14:20:49","slug":"contactanos","status":"publish","type":"page","link":"https:\/\/teico.com\/es\/contactanos\/","title":{"rendered":"Cont\u00e1ctanos"},"content":{"rendered":"<div class=\"gb-container gb-container-4c6dd4be\">\n<div class=\"gb-container gb-container-e022ccd3\">\n\n<h2 class=\"gb-headline gb-headline-52c18e1d gb-headline-text\">\u00bfEst\u00e1 listo para llevar su negocio al siguiente nivel? Nuestras soluciones personalizadas, combinadas con su visi\u00f3n, impulsar\u00e1n su empresa hacia adelante y la diferenciar\u00e1n de la competencia.<\/h2>\n\n\n<style id=\"wpforms-css-vars-9164\">\n\t\t\t\t#wpforms-9164 {\n\t\t\t\t\n\t\t\t}\n\t\t\t<\/style><div class=\"wpforms-container wpforms-container-full wpforms-render-modern\" id=\"wpforms-9164\"><form id=\"wpforms-form-9164\" class=\"wpforms-validate wpforms-form wpforms-ajax-form\" data-formid=\"9164\" method=\"post\" enctype=\"multipart\/form-data\" action=\"\/es\/wp-json\/wp\/v2\/pages\/9175\" data-token=\"42577762b882305ed282ecc9efc889c6\" data-token-time=\"1777485384\"><noscript class=\"wpforms-error-noscript\">Por favor, activa JavaScript en tu navegador para completar este formulario.<\/noscript><div id=\"wpforms-error-noscript\" style=\"display: none;\">Por favor, activa JavaScript en tu navegador para completar este formulario.<\/div><div class=\"wpforms-field-container\"><div id=\"wpforms-9164-field_1-container\" class=\"wpforms-field wpforms-field-name\" data-field-id=\"1\"><fieldset><legend class=\"wpforms-field-label\">Name <span class=\"wpforms-required-label\" aria-hidden=\"true\">*<\/span><\/legend><div class=\"wpforms-field-row wpforms-field-medium\"><div class=\"wpforms-field-row-block wpforms-first wpforms-one-half\"><input type=\"text\" id=\"wpforms-9164-field_1\" class=\"wpforms-field-name-first wpforms-field-required\" name=\"wpforms[fields][1][first]\" aria-errormessage=\"wpforms-9164-field_1-error\" required><label for=\"wpforms-9164-field_1\" class=\"wpforms-field-sublabel after\">Nombre<\/label><\/div><div class=\"wpforms-field-row-block wpforms-one-half\"><input type=\"text\" id=\"wpforms-9164-field_1-last\" class=\"wpforms-field-name-last wpforms-field-required\" name=\"wpforms[fields][1][last]\" aria-errormessage=\"wpforms-9164-field_1-last-error\" required><label for=\"wpforms-9164-field_1-last\" class=\"wpforms-field-sublabel after\">Apellidos<\/label><\/div><\/div><\/fieldset><\/div>\t\t<div id=\"wpforms-9164-field_4-container\"\n\t\t\tclass=\"wpforms-field wpforms-field-text\"\n\t\t\tdata-field-type=\"text\"\n\t\t\tdata-field-id=\"4\"\n\t\t\t>\n\t\t\t<label class=\"wpforms-field-label\" for=\"wpforms-9164-field_4\" >Email or Message<\/label>\n\t\t\t<input type=\"text\" id=\"wpforms-9164-field_4\" class=\"wpforms-field-medium\" name=\"wpforms[fields][4]\" >\n\t\t<\/div>\n\t\t<div id=\"wpforms-9164-field_2-container\" class=\"wpforms-field wpforms-field-email\" data-field-id=\"2\"><label class=\"wpforms-field-label\" for=\"wpforms-9164-field_2\">Email <span class=\"wpforms-required-label\" aria-hidden=\"true\">*<\/span><\/label><input type=\"email\" id=\"wpforms-9164-field_2\" class=\"wpforms-field-medium wpforms-field-required\" name=\"wpforms[fields][2]\" spellcheck=\"false\" aria-errormessage=\"wpforms-9164-field_2-error\" required><\/div><div id=\"wpforms-9164-field_3-container\" class=\"wpforms-field wpforms-field-textarea\" data-field-id=\"3\"><label class=\"wpforms-field-label\" for=\"wpforms-9164-field_3\">Comment or Message<\/label><textarea id=\"wpforms-9164-field_3\" class=\"wpforms-field-medium\" name=\"wpforms[fields][3]\" aria-errormessage=\"wpforms-9164-field_3-error\" ><\/textarea><\/div><script>\n\t\t\t\t( function() {\n\t\t\t\t\tconst style = document.createElement( 'style' );\n\t\t\t\t\tstyle.appendChild( document.createTextNode( '#wpforms-9164-field_4-container { position: absolute !important; overflow: hidden !important; display: inline !important; height: 1px !important; width: 1px !important; z-index: -1000 !important; padding: 0 !important; } #wpforms-9164-field_4-container input { visibility: hidden; } #wpforms-conversational-form-page #wpforms-9164-field_4-container label { counter-increment: none; }' ) );\n\t\t\t\t\tdocument.head.appendChild( style );\n\t\t\t\t\tdocument.currentScript?.remove();\n\t\t\t\t} )();\n\t\t\t<\/script><\/div><!-- .wpforms-field-container --><div class=\"wpforms-submit-container\" ><input type=\"hidden\" name=\"wpforms[id]\" value=\"9164\"><input type=\"hidden\" name=\"page_title\" value=\"\"><input type=\"hidden\" name=\"page_url\" value=\"https:\/\/teico.com\/es\/wp-json\/wp\/v2\/pages\/9175\"><input type=\"hidden\" name=\"url_referer\" value=\"\"><button type=\"submit\" name=\"wpforms[submit]\" id=\"wpforms-submit-9164\" class=\"wpforms-submit\" data-alt-text=\"Sending...\" data-submit-text=\"Submit\" aria-live=\"assertive\" value=\"wpforms-submit\">Submit<\/button><img loading=\"lazy\" decoding=\"async\" src=\"https:\/\/teico.com\/wp-content\/plugins\/wpforms-lite\/assets\/images\/submit-spin.svg\" class=\"wpforms-submit-spinner\" style=\"display: none;\" width=\"26\" height=\"26\" alt=\"Cargando\" title=\"\"><\/div><\/form><\/div>  <!-- .wpforms-container -->\n\n\n<div class=\"gb-container gb-container-b4be0ee6\">\n<div class=\"gb-grid-wrapper gb-grid-wrapper-b0cf6227\">\n<div class=\"gb-grid-column gb-grid-column-8babefef\"><div class=\"gb-container gb-container-8babefef\">\n\n<p class=\"gb-headline gb-headline-62da6bb5 gb-headline-text\">TEICO<br>Blvd. Adolfo Ruiz Cortines # 4302 Col. Jardines del Pedregal de San \u00c1ngel Alcald\u00eda Coyoacan, CDMX C.P.: 04500<\/p>\r\n\n<\/div><\/div>\n\n<div class=\"gb-grid-column gb-grid-column-a83bfdef\"><div class=\"gb-container gb-container-a83bfdef\">\n\n<p class=\"gb-headline gb-headline-69b3190f\"><span class=\"gb-icon\"><svg viewBox=\"0 0 43.3 59.3\" xmlns=\"http:\/\/www.w3.org\/2000\/svg\"><path d=\"M35 59.3H8.3C3.7 59.3 0 55.6 0 51V8.3C0 3.7 3.7 0 8.3 0H35c4.6 0 8.3 3.7 8.3 8.3V51c0 4.6-3.7 8.3-8.3 8.3zM8.3 6C7 6 6 7 6 8.3V51c0 1.3 1 2.3 2.3 2.3H35c1.3 0 2.3-1 2.3-2.3V8.3C37.3 7 36.3 6 35 6H8.3z\"><\/path><path d=\"M21.7 48.7c-1.7 0-3-1.3-3-3s1.3-3 3-3 3 1.3 3 3-1.3 3-3 3z\"><\/path><\/svg><\/span><span class=\"gb-headline-text\">+(52) 555025-9745<\/span><\/p>\r\n\n\n\n<p class=\"gb-headline gb-headline-0ae3b7a3\"><span class=\"gb-icon\"><svg viewBox=\"0 0 43.3 59.3\" xmlns=\"http:\/\/www.w3.org\/2000\/svg\"><path d=\"M35 59.3H8.3C3.7 59.3 0 55.6 0 51V8.3C0 3.7 3.7 0 8.3 0H35c4.6 0 8.3 3.7 8.3 8.3V51c0 4.6-3.7 8.3-8.3 8.3zM8.3 6C7 6 6 7 6 8.3V51c0 1.3 1 2.3 2.3 2.3H35c1.3 0 2.3-1 2.3-2.3V8.3C37.3 7 36.3 6 35 6H8.3z\"><\/path><path d=\"M21.7 48.7c-1.7 0-3-1.3-3-3s1.3-3 3-3 3 1.3 3 3-1.3 3-3 3z\"><\/path><\/svg><\/span><span class=\"gb-headline-text\">+(52) 555025-4536<\/span><\/p>\r\n\n<\/div><\/div>\n<\/div>\n<\/div>\n<\/div>\n\n<div class=\"gb-container gb-container-4a23959e\"><\/div>\n<\/div>","protected":false},"excerpt":{"rendered":"<p>\u00bfEst\u00e1 listo para llevar su negocio al siguiente nivel? Nuestras soluciones personalizadas, combinadas con su visi\u00f3n, impulsar\u00e1n su empresa hacia adelante y la diferenciar\u00e1n de &#8230; <a title=\"Cont\u00e1ctanos\" class=\"read-more\" href=\"https:\/\/teico.com\/es\/contactanos\/\" aria-label=\"Leer m\u00e1s sobre Cont\u00e1ctanos\">Read More<\/a><\/p>\n","protected":false},"author":2,"featured_media":0,"parent":0,"menu_order":0,"comment_status":"closed","ping_status":"closed","template":"","meta":{"footnotes":""},"class_list":["post-9175","page","type-page","status-publish"],"_links":{"self":[{"href":"https:\/\/teico.com\/es\/wp-json\/wp\/v2\/pages\/9175","targetHints":{"allow":["GET"]}}],"collection":[{"href":"https:\/\/teico.com\/es\/wp-json\/wp\/v2\/pages"}],"about":[{"href":"https:\/\/teico.com\/es\/wp-json\/wp\/v2\/types\/page"}],"author":[{"embeddable":true,"href":"https:\/\/teico.com\/es\/wp-json\/wp\/v2\/users\/2"}],"replies":[{"embeddable":true,"href":"https:\/\/teico.com\/es\/wp-json\/wp\/v2\/comments?post=9175"}],"version-history":[{"count":2,"href":"https:\/\/teico.com\/es\/wp-json\/wp\/v2\/pages\/9175\/revisions"}],"predecessor-version":[{"id":9310,"href":"https:\/\/teico.com\/es\/wp-json\/wp\/v2\/pages\/9175\/revisions\/9310"}],"wp:attachment":[{"href":"https:\/\/teico.com\/es\/wp-json\/wp\/v2\/media?parent=9175"}],"curies":[{"name":"wp","href":"https:\/\/api.w.org\/{rel}","templated":true}]}}