{"id":8700,"date":"2024-10-28T17:54:28","date_gmt":"2024-10-28T23:54:28","guid":{"rendered":"https:\/\/teico.com\/s\/"},"modified":"2025-04-10T14:24:42","modified_gmt":"2025-04-10T20:24:42","slug":"nosotros","status":"publish","type":"page","link":"https:\/\/teico.com\/es\/nosotros\/","title":{"rendered":"Esta es nuestra historia"},"content":{"rendered":"<div class=\"gb-container gb-container-aed942d4\">\n<div class=\"gb-container gb-container-51a95d4c\">\n<div class=\"gb-container gb-container-b29d8c10\">\n\n<p>Un grupo de ex empleados de IBM Global Services, apasionados por la tecnolog\u00eda, decidimos unir nuestra experiencia y habilidades. Como consultores, reconocimos que el mundo de la Tecnolog\u00eda de la Informaci\u00f3n llegar\u00e1 a una convergencia total. As\u00ed, el 25 de abril de 2000, fundamos <strong>Tecnolog\u00eda de Informaci\u00f3n Convergente S.A. de C.V. (TEICO)<\/strong>.<\/p>\n\n\n\n<p>Durante casi un cuarto de siglo, nuestra capacidad de reinventarnos y adaptarnos a la velocidad de los cambios tecnol\u00f3gicos nos ha permitido permanecer en el mercado de IT. A lo largo de estos a\u00f1os, hemos cubierto con profesionalismo, dedicaci\u00f3n, pasi\u00f3n y vocaci\u00f3n de servicio las necesidades de cada uno de nuestros clientes en el manejo, procesamiento, custodia y medici\u00f3n de la informaci\u00f3n.<\/p>\n\n<\/div>\n\n\n<figure class=\"wp-block-image size-full is-resized is-style-default\"><img loading=\"lazy\" decoding=\"async\" width=\"1500\" height=\"1000\" src=\"https:\/\/teico.com\/wp-content\/uploads\/26524-1.jpg\" alt=\"\" class=\"wp-image-8235\" style=\"width:563px\" title=\"\" srcset=\"https:\/\/teico.com\/wp-content\/uploads\/26524-1.jpg 1500w, https:\/\/teico.com\/wp-content\/uploads\/26524-1-258x172.jpg 258w, https:\/\/teico.com\/wp-content\/uploads\/26524-1-768x512.jpg 768w\" sizes=\"auto, (max-width: 1500px) 100vw, 1500px\" \/><\/figure>\n\n<\/div>\n<\/div>\n\n<div class=\"gb-container gb-container-66e3646c\">\n<div class=\"gb-grid-wrapper gb-grid-wrapper-74c2b574\">\n<div class=\"gb-grid-column gb-grid-column-7a985c82\"><div class=\"gb-container gb-container-7a985c82\">\n\n<h1 class=\"gb-headline gb-headline-5141a6c7 gb-headline-text\"><span class=\"ez-toc-section\" id=\"24\"><\/span>24<span class=\"ez-toc-section-end\"><\/span><\/h1>\n\n\n\n<p class=\"has-text-align-center\">A\u00f1os en el negocio<\/p><div id=\"ez-toc-container\" class=\"ez-toc-v2_0_82_2 counter-hierarchy ez-toc-counter ez-toc-grey ez-toc-container-direction\">\n<div class=\"ez-toc-title-container\">\n<p class=\"ez-toc-title\" style=\"cursor:inherit\">Table of Contents<\/p>\n<span class=\"ez-toc-title-toggle\"><a href=\"#\" class=\"ez-toc-pull-right ez-toc-btn ez-toc-btn-xs ez-toc-btn-default ez-toc-toggle\" aria-label=\"Alternar tabla de contenidos\"><span class=\"ez-toc-js-icon-con\"><span class=\"\"><span class=\"eztoc-hide\" style=\"display:none;\">Toggle<\/span><span class=\"ez-toc-icon-toggle-span\"><svg style=\"fill: #999;color:#999\" xmlns=\"http:\/\/www.w3.org\/2000\/svg\" class=\"list-377408\" width=\"20px\" height=\"20px\" viewBox=\"0 0 24 24\" fill=\"none\"><path d=\"M6 6H4v2h2V6zm14 0H8v2h12V6zM4 11h2v2H4v-2zm16 0H8v2h12v-2zM4 16h2v2H4v-2zm16 0H8v2h12v-2z\" fill=\"currentColor\"><\/path><\/svg><svg style=\"fill: #999;color:#999\" class=\"arrow-unsorted-368013\" xmlns=\"http:\/\/www.w3.org\/2000\/svg\" width=\"10px\" height=\"10px\" viewBox=\"0 0 24 24\" version=\"1.2\" baseProfile=\"tiny\"><path d=\"M18.2 9.3l-6.2-6.3-6.2 6.3c-.2.2-.3.4-.3.7s.1.5.3.7c.2.2.4.3.7.3h11c.3 0 .5-.1.7-.3.2-.2.3-.5.3-.7s-.1-.5-.3-.7zM5.8 14.7l6.2 6.3 6.2-6.3c.2-.2.3-.5.3-.7s-.1-.5-.3-.7c-.2-.2-.4-.3-.7-.3h-11c-.3 0-.5.1-.7.3-.2.2-.3.5-.3.7s.1.5.3.7z\"\/><\/svg><\/span><\/span><\/span><\/a><\/span><\/div>\n<nav><ul class='ez-toc-list ez-toc-list-level-1 eztoc-toggle-hide-by-default' ><li class='ez-toc-page-1 ez-toc-heading-level-1'><a class=\"ez-toc-link ez-toc-heading-1\" href=\"https:\/\/teico.com\/es\/nosotros\/#24\" >24<\/a><\/li><li class='ez-toc-page-1 ez-toc-heading-level-1'><a class=\"ez-toc-link ez-toc-heading-2\" href=\"https:\/\/teico.com\/es\/nosotros\/#10\" >10<\/a><\/li><li class='ez-toc-page-1 ez-toc-heading-level-1'><a class=\"ez-toc-link ez-toc-heading-3\" href=\"https:\/\/teico.com\/es\/nosotros\/#10-2\" >10<\/a><\/li><li class='ez-toc-page-1 ez-toc-heading-level-1'><a class=\"ez-toc-link ez-toc-heading-4\" href=\"https:\/\/teico.com\/es\/nosotros\/#18\" >18<\/a><ul class='ez-toc-list-level-2' ><li class='ez-toc-heading-level-2'><a class=\"ez-toc-link ez-toc-heading-5\" href=\"https:\/\/teico.com\/es\/nosotros\/#%C2%BFPorque_elegirnos\" >\u00bfPorqu\u00e9 elegirnos?<\/a><\/li><li class='ez-toc-page-1 ez-toc-heading-level-2'><a class=\"ez-toc-link ez-toc-heading-6\" href=\"https:\/\/teico.com\/es\/nosotros\/#Contactanos_hoy_para_una_consulta_remota\" >Cont\u00e1ctanos hoy para una consulta remota.<\/a><\/li><\/ul><\/li><\/ul><\/nav><\/div>\n\n\n\n\n<h1 class=\"gb-headline gb-headline-e7e30230 gb-headline-text\"><span class=\"ez-toc-section\" id=\"10\"><\/span>10<span class=\"ez-toc-section-end\"><\/span><\/h1>\n\n\n\n<p class=\"has-text-align-center\">Certificaciones<\/p>\n\n<\/div><\/div>\n\n<div class=\"gb-grid-column gb-grid-column-ad00d274\"><div class=\"gb-container gb-container-ad00d274\">\n\n<h1 class=\"gb-headline gb-headline-f4fe0fa6 gb-headline-text\"><span class=\"ez-toc-section\" id=\"10-2\"><\/span>10<span class=\"ez-toc-section-end\"><\/span><\/h1>\n\n\n\n<p class=\"has-text-align-center\">Expertos<\/p>\n\n\n\n<h1 class=\"gb-headline gb-headline-532ec24b gb-headline-text\"><span class=\"ez-toc-section\" id=\"18\"><\/span>18<span class=\"ez-toc-section-end\"><\/span><\/h1>\n\n\n\n<p class=\"has-text-align-center\">Proyectos<\/p>\n\n<\/div><\/div>\n\n<div class=\"gb-grid-column gb-grid-column-d672f275\"><div class=\"gb-container gb-container-d672f275\">\n\n<h2 class=\"gb-headline gb-headline-c95f05e1 gb-headline-text\"><span class=\"ez-toc-section\" id=\"%C2%BFPorque_elegirnos\"><\/span>\u00bfPorqu\u00e9 <span class=\"fuente-hey\">elegirnos<\/span>?<span class=\"ez-toc-section-end\"><\/span><\/h2>\n\n\n\n<p>Porque creemos en el poder del marketing digital para transformar negocios. En un mundo digital en constante cambio, es fundamental contar con un equipo de expertos que te gu\u00ede.<\/p>\n\n\n\n<p>Nuestra agencia ofrece soluciones personalizadas y basadas en datos para ayudarte a alcanzar los objetivos de tu negocio. Hemos demostrado a lo largo de los a\u00f1os nuestra capacidad para ayudar a las empresas a adaptarse a las nuevas tecnolog\u00edas y a obtener resultados medibles.<\/p>\n\n<\/div><\/div>\n<\/div>\n<div class=\"gb-shapes\"><div class=\"gb-shape gb-shape-1\"><svg xmlns=\"http:\/\/www.w3.org\/2000\/svg\" viewBox=\"0 0 1200 100\" preserveAspectRatio=\"none\"><path d=\"M1200 100H0V0l400 77.2L1200 0z\"\/><\/svg><\/div><\/div><\/div>\n\n<div class=\"gb-container gb-container-45644413\">\n<div class=\"gb-grid-wrapper gb-grid-wrapper-7c54c08a\">\n<div class=\"gb-grid-column gb-grid-column-66c8c97e\"><div class=\"gb-container gb-container-66c8c97e\">\n\n<p class=\"gb-headline gb-headline-8ebbad95 gb-headline-text\"><strong>Misi\u00f3n<\/strong><\/p>\n\n\n\n<p class=\"gb-headline gb-headline-d1b218b2 gb-headline-text\">Guiamos a las marcas hacia el mundo digital a trav\u00e9s de estrategias innovadoras y personalizadas. Nos enfocamos en crear relaciones aut\u00e9nticas con nuestros colaboradores y clientes para brindar soluciones creativas y concretas.<\/p>\n\n<\/div><\/div>\n\n<div class=\"gb-grid-column gb-grid-column-ea0f5df6\"><div class=\"gb-container gb-container-ea0f5df6\">\n\n<p class=\"gb-headline gb-headline-6b959ba2 gb-headline-text\"><strong>VisiOn<\/strong><\/p>\n\n\n\n<p class=\"gb-headline gb-headline-7ae2f6e5 gb-headline-text\">Transformar la manera en que las marcas se conectan con su audiencia.<\/p>\n\n<\/div><\/div>\n<\/div>\n<\/div>\n\n\n<p class=\"gb-headline gb-headline-e00b48d3\"><span class=\"gb-icon\"><svg xmlns=\"http:\/\/www.w3.org\/2000\/svg\" viewBox=\"0 0 36.7 3\"><path d=\"M0 0h36.7v3H0z\"><\/path><\/svg><\/span><span class=\"gb-headline-text\">Nuestros <span class=\"fuente-hey\">valores<\/span><\/span><\/p>\n\n\n<div class=\"gb-container gb-container-19a3a165\">\n<div class=\"gb-grid-wrapper gb-grid-wrapper-a10e9b5e\">\n<div class=\"gb-grid-column gb-grid-column-dfb81c66\"><div class=\"gb-container gb-container-dfb81c66\">\n<div class=\"wp-block-image\">\n<figure class=\"aligncenter size-full is-resized\"><img loading=\"lazy\" decoding=\"async\" width=\"200\" height=\"200\" src=\"https:\/\/teico.com\/wp-content\/uploads\/Iconos-valores_Mesa-de-trabajo-1-1.png\" alt=\"\" class=\"wp-image-8211\" style=\"width:90px\" title=\"\" srcset=\"https:\/\/teico.com\/wp-content\/uploads\/Iconos-valores_Mesa-de-trabajo-1-1.png 200w, https:\/\/teico.com\/wp-content\/uploads\/Iconos-valores_Mesa-de-trabajo-1-1-172x172.png 172w\" sizes=\"auto, (max-width: 200px) 100vw, 200px\" \/><\/figure>\n<\/div>\n\n\n<p class=\"gb-headline gb-headline-69032045 gb-headline-text\">Empat\u00eda<\/p>\n\n<\/div><\/div>\n\n<div class=\"gb-grid-column gb-grid-column-da61f8bf\"><div class=\"gb-container gb-container-da61f8bf\">\n<div class=\"gb-container gb-container-87045c7f\">\n<div class=\"wp-block-image\">\n<figure class=\"aligncenter size-full is-resized\"><img loading=\"lazy\" decoding=\"async\" width=\"200\" height=\"200\" src=\"https:\/\/teico.com\/wp-content\/uploads\/Iconos-valores-02-1.png\" alt=\"\" class=\"wp-image-8213\" style=\"width:90px\" title=\"\" srcset=\"https:\/\/teico.com\/wp-content\/uploads\/Iconos-valores-02-1.png 200w, https:\/\/teico.com\/wp-content\/uploads\/Iconos-valores-02-1-172x172.png 172w\" sizes=\"auto, (max-width: 200px) 100vw, 200px\" \/><\/figure>\n<\/div>\n<\/div>\n\n\n<p class=\"gb-headline gb-headline-796d6637 gb-headline-text\">Transparencia<\/p>\n\n<\/div><\/div>\n\n<div class=\"gb-grid-column gb-grid-column-d416469b\"><div class=\"gb-container gb-container-d416469b\">\n<div class=\"gb-container gb-container-48b5d403\">\n<div class=\"wp-block-image\">\n<figure class=\"aligncenter size-full is-resized\"><img loading=\"lazy\" decoding=\"async\" width=\"200\" height=\"200\" src=\"https:\/\/teico.com\/wp-content\/uploads\/Iconos-valores-03-1.png\" alt=\"\" class=\"wp-image-8217\" style=\"width:90px\" title=\"\" srcset=\"https:\/\/teico.com\/wp-content\/uploads\/Iconos-valores-03-1.png 200w, https:\/\/teico.com\/wp-content\/uploads\/Iconos-valores-03-1-172x172.png 172w\" sizes=\"auto, (max-width: 200px) 100vw, 200px\" \/><\/figure>\n<\/div>\n<\/div>\n\n\n<p class=\"gb-headline gb-headline-9fc13542 gb-headline-text\">Creatividad<\/p>\n\n<\/div><\/div>\n\n<div class=\"gb-grid-column gb-grid-column-543e78ce\"><div class=\"gb-container gb-container-543e78ce\">\n<div class=\"gb-container gb-container-862a1384\">\n<div class=\"wp-block-image\">\n<figure class=\"aligncenter size-full is-resized\"><img loading=\"lazy\" decoding=\"async\" width=\"200\" height=\"200\" src=\"https:\/\/teico.com\/wp-content\/uploads\/Iconos-valores-04.png\" alt=\"\" class=\"wp-image-8219\" style=\"width:90px\" title=\"\" srcset=\"https:\/\/teico.com\/wp-content\/uploads\/Iconos-valores-04.png 200w, https:\/\/teico.com\/wp-content\/uploads\/Iconos-valores-04-172x172.png 172w\" sizes=\"auto, (max-width: 200px) 100vw, 200px\" \/><\/figure>\n<\/div>\n<\/div>\n\n\n<p class=\"gb-headline gb-headline-4a675504 gb-headline-text\">Compromiso<\/p>\n\n<\/div><\/div>\n\n<div class=\"gb-grid-column gb-grid-column-979b7966\"><div class=\"gb-container gb-container-979b7966\">\n<div class=\"wp-block-image\">\n<figure class=\"aligncenter size-full is-resized\"><img loading=\"lazy\" decoding=\"async\" width=\"200\" height=\"200\" src=\"https:\/\/teico.com\/wp-content\/uploads\/Iconos-valores-05.png\" alt=\"\" class=\"wp-image-8223\" style=\"width:90px\" title=\"\" srcset=\"https:\/\/teico.com\/wp-content\/uploads\/Iconos-valores-05.png 200w, https:\/\/teico.com\/wp-content\/uploads\/Iconos-valores-05-172x172.png 172w\" sizes=\"auto, (max-width: 200px) 100vw, 200px\" \/><\/figure>\n<\/div>\n\n\n<p class=\"gb-headline gb-headline-42a8c82a gb-headline-text\">Adaptabilidad<\/p>\n\n<\/div><\/div>\n\n<div class=\"gb-grid-column gb-grid-column-13e79c95\"><div class=\"gb-container gb-container-13e79c95\">\n<div class=\"gb-container gb-container-b0ef2398\">\n<div class=\"wp-block-image\">\n<figure class=\"aligncenter size-full is-resized\"><img loading=\"lazy\" decoding=\"async\" width=\"200\" height=\"200\" src=\"https:\/\/teico.com\/wp-content\/uploads\/Iconos-valores-06.png\" alt=\"\" class=\"wp-image-8221\" style=\"width:90px\" title=\"\" srcset=\"https:\/\/teico.com\/wp-content\/uploads\/Iconos-valores-06.png 200w, https:\/\/teico.com\/wp-content\/uploads\/Iconos-valores-06-172x172.png 172w\" sizes=\"auto, (max-width: 200px) 100vw, 200px\" \/><\/figure>\n<\/div>\n<\/div>\n\n\n<p class=\"gb-headline gb-headline-6eabdc3a gb-headline-text\">Responsabilidad<\/p>\n\n<\/div><\/div>\n<\/div>\n<\/div>\n\n<div class=\"gb-container gb-container-bd3c06a1\">\n<div class=\"gb-container gb-container-225a362a\">\n\n<p class=\"gb-headline gb-headline-9f4b4591\"><span class=\"gb-icon\"><svg xmlns=\"http:\/\/www.w3.org\/2000\/svg\" viewBox=\"0 0 36.7 3\"><path d=\"M0 0h36.7v3H0z\"><\/path><\/svg><\/span><span class=\"gb-headline-text\">Conoce nuestro <span class=\"fuente-hey\">equipo<\/span><\/span><\/p>\n\n\n<div class=\"gb-grid-wrapper gb-grid-wrapper-f1d1c750\">\n<div class=\"gb-grid-column gb-grid-column-c92efe8c\"><div class=\"gb-container gb-container-c92efe8c\">\n\n<figure class=\"gb-block-image gb-block-image-f8ffc451\"><img loading=\"lazy\" decoding=\"async\" width=\"720\" height=\"720\" class=\"gb-image gb-image-f8ffc451\" src=\"https:\/\/teico.com\/wp-content\/uploads\/RigoGrayscale.png\" alt=\"\" title=\"RigoGrayscale\" srcset=\"https:\/\/teico.com\/wp-content\/uploads\/RigoGrayscale.png 720w, https:\/\/teico.com\/wp-content\/uploads\/RigoGrayscale-172x172.png 172w\" sizes=\"auto, (max-width: 720px) 100vw, 720px\"><\/figure>\n\n\n\n<p class=\"gb-headline gb-headline-3c97db9a gb-headline-text\"><strong>RIGOBERTO GAITAN<\/strong><\/p>\n\n\n\n<p class=\"has-text-align-center has-text-color has-link-color wp-elements-c2cb6b41c658abe50b3aa7c4e58674fb\" style=\"color:#eb1700\">CEO, Teico<\/p>\n\n<\/div><\/div>\n\n<div class=\"gb-grid-column gb-grid-column-b92e9628\"><div class=\"gb-container gb-container-b92e9628\">\n\n<figure class=\"gb-block-image gb-block-image-e23ae39d\"><img loading=\"lazy\" decoding=\"async\" width=\"720\" height=\"720\" class=\"gb-image gb-image-e23ae39d\" src=\"https:\/\/teico.com\/wp-content\/uploads\/placeholder.png\" alt=\"\" title=\"placeholder\" srcset=\"https:\/\/teico.com\/wp-content\/uploads\/placeholder.png 720w, https:\/\/teico.com\/wp-content\/uploads\/placeholder-172x172.png 172w\" sizes=\"auto, (max-width: 720px) 100vw, 720px\"><\/figure>\n\n\n\n<p class=\"gb-headline gb-headline-8abd5205 gb-headline-text\"><strong>DIEGO PRUSKY<\/strong><\/p>\n\n\n\n<p class=\"has-text-align-center has-text-color has-link-color wp-elements-7fe4a9e934a6891cfcba5fc29751d2f9\" style=\"color:#eb1700\">Chief Digital Officer<\/p>\n\n<\/div><\/div>\n\n<div class=\"gb-grid-column gb-grid-column-b57a1823\"><div class=\"gb-container gb-container-b57a1823\">\n\n<figure class=\"gb-block-image gb-block-image-1a4707e5\"><img loading=\"lazy\" decoding=\"async\" width=\"720\" height=\"720\" class=\"gb-image gb-image-1a4707e5\" src=\"https:\/\/teico.com\/wp-content\/uploads\/placeholder.png\" alt=\"\" title=\"placeholder\" srcset=\"https:\/\/teico.com\/wp-content\/uploads\/placeholder.png 720w, https:\/\/teico.com\/wp-content\/uploads\/placeholder-172x172.png 172w\" sizes=\"auto, (max-width: 720px) 100vw, 720px\"><\/figure>\n\n\n\n<p class=\"gb-headline gb-headline-235ecec1 gb-headline-text\"><strong>JUAN MARTIN BERTOLOTTI<\/strong><\/p>\n\n\n\n<p class=\"has-text-align-center has-text-color has-link-color wp-elements-7ba60016d4c13b59957a51330852d94d\" style=\"color:#eb1700\">Creative Director, Health<\/p>\n\n<\/div><\/div>\n\n<div class=\"gb-grid-column gb-grid-column-ce822329\"><div class=\"gb-container gb-container-ce822329\">\n\n<figure class=\"gb-block-image gb-block-image-d657c603\"><img loading=\"lazy\" decoding=\"async\" width=\"720\" height=\"720\" class=\"gb-image gb-image-d657c603\" src=\"https:\/\/teico.com\/wp-content\/uploads\/placeholder.png\" alt=\"\" title=\"placeholder\" srcset=\"https:\/\/teico.com\/wp-content\/uploads\/placeholder.png 720w, https:\/\/teico.com\/wp-content\/uploads\/placeholder-172x172.png 172w\" sizes=\"auto, (max-width: 720px) 100vw, 720px\"><\/figure>\n\n\n\n<p class=\"gb-headline gb-headline-7fbcb53c gb-headline-text\"><strong>BRUNI SALMERON<\/strong><\/p>\n\n\n\n<p class=\"has-text-align-center has-text-color has-link-color wp-elements-bec561c166374087b4e578b7df920ff8\" style=\"color:#eb1700\">Director of Operations<\/p>\n\n<\/div><\/div>\n<\/div>\n\n<div class=\"gb-grid-wrapper gb-grid-wrapper-aecca6d9\">\n<div class=\"gb-grid-column gb-grid-column-17ad28ca\"><div class=\"gb-container gb-container-17ad28ca\">\n\n<figure class=\"gb-block-image gb-block-image-7ae43e3c\"><img loading=\"lazy\" decoding=\"async\" width=\"720\" height=\"720\" class=\"gb-image gb-image-7ae43e3c\" src=\"https:\/\/teico.com\/wp-content\/uploads\/placeholder.png\" alt=\"\" title=\"placeholder\" srcset=\"https:\/\/teico.com\/wp-content\/uploads\/placeholder.png 720w, https:\/\/teico.com\/wp-content\/uploads\/placeholder-172x172.png 172w\" sizes=\"auto, (max-width: 720px) 100vw, 720px\"><\/figure>\n\n\n\n<p class=\"gb-headline gb-headline-a59e484b gb-headline-text\"><strong>RUTH GARCIA<\/strong><\/p>\n\n\n\n<p class=\"has-text-align-center has-text-color has-link-color wp-elements-84f7273d2766395bc8b5477a52099655\" style=\"color:#eb1700\">Health Partnerships Consultant<\/p>\n\n<\/div><\/div>\n\n<div class=\"gb-grid-column gb-grid-column-507b1ff3\"><div class=\"gb-container gb-container-507b1ff3\">\n\n<figure class=\"gb-block-image gb-block-image-026b6930\"><img loading=\"lazy\" decoding=\"async\" width=\"720\" height=\"720\" class=\"gb-image gb-image-026b6930\" src=\"https:\/\/teico.com\/wp-content\/uploads\/placeholder.png\" alt=\"\" title=\"placeholder\" srcset=\"https:\/\/teico.com\/wp-content\/uploads\/placeholder.png 720w, https:\/\/teico.com\/wp-content\/uploads\/placeholder-172x172.png 172w\" sizes=\"auto, (max-width: 720px) 100vw, 720px\"><\/figure>\n\n\n\n<p class=\"gb-headline gb-headline-0a8f70d9 gb-headline-text\"><strong>DENISE PEREZ<\/strong><\/p>\n\n\n\n<p class=\"has-text-align-center has-text-color has-link-color wp-elements-e1071252f3457edddb96572cd3f9412b\" style=\"color:#eb1700\">Health Strategist<\/p>\n\n<\/div><\/div>\n\n<div class=\"gb-grid-column gb-grid-column-aa0e3e58\"><div class=\"gb-container gb-container-aa0e3e58\">\n\n<figure class=\"gb-block-image gb-block-image-f38fcf65\"><img loading=\"lazy\" decoding=\"async\" width=\"720\" height=\"720\" class=\"gb-image gb-image-f38fcf65\" src=\"https:\/\/teico.com\/wp-content\/uploads\/placeholder.png\" alt=\"\" title=\"placeholder\" srcset=\"https:\/\/teico.com\/wp-content\/uploads\/placeholder.png 720w, https:\/\/teico.com\/wp-content\/uploads\/placeholder-172x172.png 172w\" sizes=\"auto, (max-width: 720px) 100vw, 720px\"><\/figure>\n\n\n\n<p class=\"gb-headline gb-headline-1419307a gb-headline-text\"><strong>YAARI BRANCACHO<\/strong><\/p>\n\n\n\n<p class=\"has-text-align-center has-text-color has-link-color wp-elements-92fe38017bff2f970da0749374a73693\" style=\"color:#eb1700\">Account Director<\/p>\n\n<\/div><\/div>\n\n<div class=\"gb-grid-column gb-grid-column-fff85f92\"><div class=\"gb-container gb-container-fff85f92\">\n\n<figure class=\"gb-block-image gb-block-image-de34194e\"><img loading=\"lazy\" decoding=\"async\" width=\"720\" height=\"720\" class=\"gb-image gb-image-de34194e\" src=\"https:\/\/teico.com\/wp-content\/uploads\/DanyGrayscale.png\" alt=\"\" title=\"DanyGrayscale\" srcset=\"https:\/\/teico.com\/wp-content\/uploads\/DanyGrayscale.png 720w, https:\/\/teico.com\/wp-content\/uploads\/DanyGrayscale-172x172.png 172w\" sizes=\"auto, (max-width: 720px) 100vw, 720px\"><\/figure>\n\n\n\n<p class=\"gb-headline gb-headline-7a51f2c0 gb-headline-text\"><strong>DANIELA GAITAN<\/strong><\/p>\n\n\n\n<p class=\"has-text-align-center has-text-color has-link-color wp-elements-65fc293d5e63c7a94c5d310c0ecb16a8\" style=\"color:#eb1700\">Project Manager<\/p>\n\n<\/div><\/div>\n<\/div>\n<\/div>\n<div class=\"gb-shapes\"><div class=\"gb-shape gb-shape-1\"><svg xmlns=\"http:\/\/www.w3.org\/2000\/svg\" viewBox=\"0 0 1200 100\" preserveAspectRatio=\"none\"><path d=\"M1200 100H0V0l400 77.2L1200 0z\"\/><\/svg><\/div><\/div><\/div>\n\n<div class=\"gb-container gb-container-6cb9ca27\">\n\n<h2 class=\"gb-headline gb-headline-943da834 gb-headline-text\"><span class=\"ez-toc-section\" id=\"Contactanos_hoy_para_una_consulta_remota\"><\/span>Cont\u00e1ctanos hoy para una consulta remota.<span class=\"ez-toc-section-end\"><\/span><\/h2>\n\n\n\n<a class=\"gb-button gb-button-4826d41b gb-button-text\" href=\"https:\/\/gpsites.co\/search\/contact\/\" target=\"_blank\" rel=\"noopener\">Contactanos<\/a>\n\n<\/div><\/p>","protected":false},"excerpt":{"rendered":"<p>Un grupo de ex empleados de IBM Global Services, apasionados por la tecnolog\u00eda, decidimos unir nuestra experiencia y habilidades. Como consultores, reconocimos que el mundo &#8230; <a title=\"Esta es nuestra historia\" class=\"read-more\" href=\"https:\/\/teico.com\/es\/nosotros\/\" aria-label=\"Leer m\u00e1s sobre Esta es nuestra historia\">Read More<\/a><\/p>\n","protected":false},"author":1,"featured_media":0,"parent":0,"menu_order":0,"comment_status":"closed","ping_status":"closed","template":"","meta":{"footnotes":""},"class_list":["post-8700","page","type-page","status-publish"],"_links":{"self":[{"href":"https:\/\/teico.com\/es\/wp-json\/wp\/v2\/pages\/8700","targetHints":{"allow":["GET"]}}],"collection":[{"href":"https:\/\/teico.com\/es\/wp-json\/wp\/v2\/pages"}],"about":[{"href":"https:\/\/teico.com\/es\/wp-json\/wp\/v2\/types\/page"}],"author":[{"embeddable":true,"href":"https:\/\/teico.com\/es\/wp-json\/wp\/v2\/users\/1"}],"replies":[{"embeddable":true,"href":"https:\/\/teico.com\/es\/wp-json\/wp\/v2\/comments?post=8700"}],"version-history":[{"count":21,"href":"https:\/\/teico.com\/es\/wp-json\/wp\/v2\/pages\/8700\/revisions"}],"predecessor-version":[{"id":9364,"href":"https:\/\/teico.com\/es\/wp-json\/wp\/v2\/pages\/8700\/revisions\/9364"}],"wp:attachment":[{"href":"https:\/\/teico.com\/es\/wp-json\/wp\/v2\/media?parent=8700"}],"curies":[{"name":"wp","href":"https:\/\/api.w.org\/{rel}","templated":true}]}}